{"id":2529,"date":"2026-03-01T12:01:00","date_gmt":"2026-03-01T12:01:00","guid":{"rendered":"https:\/\/twbk.pl\/?page_id=2529"},"modified":"2026-03-01T13:49:28","modified_gmt":"2026-03-01T13:49:28","slug":"e-ksiegarnia","status":"publish","type":"page","link":"https:\/\/twbk.pl\/?page_id=2529","title":{"rendered":"E-Ksi\u0119garnia"},"content":{"rendered":"\n<h2 class=\"wp-block-heading\">Zapraszamy do przejrzenia i bezp\u0142atnego pobrania cyfrowych wyda\u0144 naszych ksi\u0105\u017cek i katalog\u00f3w wystaw. Pobranie i korzystanie z plik\u00f3w ePUB i MOBI z cyfrow\u0105 wersj\u0105 publikacji wymaga jedynie instalacji programu calibre64bit, kt\u00f3ry mo\u017cna pobra\u0107 bezp\u0142atnie tutaj:<a href=\"https:\/\/calibre-ebook.com\/download\">\u00a0<strong>https:\/\/calibre-ebook.com\/download<\/strong><\/a>\u00a0.<\/h2>\n\n\n\n<p><\/p>\n","protected":false},"excerpt":{"rendered":"<p>Zapraszamy do przejrzenia i bezp\u0142atnego pobrania cyfrowych wyda\u0144 naszych ksi\u0105\u017cek i katalog\u00f3w wystaw. Pobranie i korzystanie z plik\u00f3w ePUB i MOBI z cyfrow\u0105 wersj\u0105 publikacji wymaga jedynie instalacji programu calibre64bit, kt\u00f3ry mo\u017cna pobra\u0107 bezp\u0142atnie tutaj:\u00a0https:\/\/calibre-ebook.com\/download\u00a0.<\/p>\n","protected":false},"author":1,"featured_media":0,"parent":0,"menu_order":0,"comment_status":"closed","ping_status":"closed","template":"home.php","meta":{"footnotes":""},"class_list":["post-2529","page","type-page","status-publish","hentry"],"_links":{"self":[{"href":"https:\/\/twbk.pl\/index.php?rest_route=\/wp\/v2\/pages\/2529","targetHints":{"allow":["GET"]}}],"collection":[{"href":"https:\/\/twbk.pl\/index.php?rest_route=\/wp\/v2\/pages"}],"about":[{"href":"https:\/\/twbk.pl\/index.php?rest_route=\/wp\/v2\/types\/page"}],"author":[{"embeddable":true,"href":"https:\/\/twbk.pl\/index.php?rest_route=\/wp\/v2\/users\/1"}],"replies":[{"embeddable":true,"href":"https:\/\/twbk.pl\/index.php?rest_route=%2Fwp%2Fv2%2Fcomments&post=2529"}],"version-history":[{"count":16,"href":"https:\/\/twbk.pl\/index.php?rest_route=\/wp\/v2\/pages\/2529\/revisions"}],"predecessor-version":[{"id":2562,"href":"https:\/\/twbk.pl\/index.php?rest_route=\/wp\/v2\/pages\/2529\/revisions\/2562"}],"wp:attachment":[{"href":"https:\/\/twbk.pl\/index.php?rest_route=%2Fwp%2Fv2%2Fmedia&parent=2529"}],"curies":[{"name":"wp","href":"https:\/\/api.w.org\/{rel}","templated":true}]}}